{"id":429,"date":"2025-09-05T08:42:33","date_gmt":"2025-09-05T08:42:33","guid":{"rendered":"https:\/\/talikan.com\/home-2\/"},"modified":"2025-11-13T19:56:38","modified_gmt":"2025-11-13T19:56:38","slug":"home-2","status":"publish","type":"page","link":"https:\/\/talikan.com\/fr\/","title":{"rendered":"Maison"},"content":{"rendered":"<div class=\"wp-block-uagb-container uagb-block-a28347b6 alignfull uagb-is-root-container\"><div class=\"uagb-container-inner-blocks-wrap\">\n<div class=\"wp-block-uagb-info-box uagb-block-6357f7e6 uagb-infobox__content-wrap  uagb-infobox-icon-above-title uagb-infobox-image-valign-top wp-block-uagb-info-box--has-margin\"><div class=\"uagb-infobox-margin-wrapper\"><div class=\"uagb-ifb-content\"><div class=\"uagb-ifb-title-wrap\"><h1 class=\"uagb-ifb-title\">Des guides pratiques et des informations pr\u00e9cieuses pour transformer vos choix en opportunit\u00e9s de croissance<\/h1><\/div><div class=\"uagb-ifb-button-wrapper wp-block-button\"><a href=\"https:\/\/talikan.com\/fr\/category\/investing\/\" class=\"uagb-infobox-cta-link wp-block-button__link\" target=\"_self\" rel=\"noopener noreferrer\"><span class=\"uagb-inline-editing\">Explorez maintenant<\/span><\/a><\/div><\/div><\/div><\/div>\n<\/div><\/div>\n\n\n\n<div class=\"wp-block-uagb-container uagb-block-06fffa5e alignfull uagb-is-root-container\"><div class=\"uagb-container-inner-blocks-wrap\">\n<div class=\"wp-block-uagb-advanced-heading uagb-block-e57efb3a\"><h2 class=\"uagb-heading-text\">Du contenu expert pour chaque aspect de votre vie<\/h2><\/div>\n\n\n\n<div class=\"wp-block-uagb-container uagb-layout-grid uagb-block-20f60053 alignfull uagb-is-root-container\"><div class=\"uagb-container-inner-blocks-wrap\">\n<div class=\"wp-block-uagb-info-box uagb-block-c4764eda uagb-infobox__content-wrap  uagb-infobox-icon-above-title uagb-infobox-image-valign-top wp-block-uagb-info-box--has-margin\"><div class=\"uagb-infobox-margin-wrapper\"><div class=\"uagb-ifb-content\"><div class=\"uagb-ifb-title-wrap\"><h4 class=\"uagb-ifb-title\">Technologie et jeux<\/h4><\/div><p class=\"uagb-ifb-desc\">Des analyses approfondies, des comparaisons et des guides sur les derni\u00e8res tendances en mati\u00e8re de technologie, de gadgets et de jeux vid\u00e9o.<\/p><\/div><\/div><\/div>\n\n\n\n<div class=\"wp-block-uagb-info-box uagb-block-b3afdc8c uagb-infobox__content-wrap  uagb-infobox-icon-above-title uagb-infobox-image-valign-top wp-block-uagb-info-box--has-margin\"><div class=\"uagb-infobox-margin-wrapper\"><div class=\"uagb-ifb-content\"><div class=\"uagb-ifb-title-wrap\"><h4 class=\"uagb-ifb-title\">Carri\u00e8res<\/h4><\/div><p class=\"uagb-ifb-desc\">Des strat\u00e9gies \u00e9prouv\u00e9es pour booster votre carri\u00e8re, saisir les opportunit\u00e9s et vous d\u00e9marquer sur le march\u00e9.<br><br><\/p><\/div><\/div><\/div>\n\n\n\n<div class=\"wp-block-uagb-info-box uagb-block-f7c8e088 uagb-infobox__content-wrap  uagb-infobox-icon-above-title uagb-infobox-image-valign-top wp-block-uagb-info-box--has-margin\"><div class=\"uagb-infobox-margin-wrapper\"><div class=\"uagb-ifb-content\"><div class=\"uagb-ifb-title-wrap\"><h4 class=\"uagb-ifb-title\">D\u00e9veloppement personnel<\/h4><\/div><p class=\"uagb-ifb-desc\">Des outils et des techniques pour atteindre votre plein potentiel, d\u00e9velopper de nouvelles comp\u00e9tences et r\u00e9aliser vos objectifs.<br><a href=\"https:\/\/websitedemos.net\/professional-services-02\/?customize_changeset_uuid=d8b36c07-94c8-45b3-8f93-173af52981d1&amp;customize_theme=astra&amp;customize_messenger_channel=preview-0#\"><\/a><\/p><\/div><\/div><\/div>\n<\/div><\/div>\n<\/div><\/div>\n\n\n\n<div class=\"wp-block-uagb-container uagb-block-5a9ca893 alignfull uagb-is-root-container\"><div class=\"uagb-container-inner-blocks-wrap\">\n<div class=\"wp-block-uagb-container uagb-layout-grid uagb-block-a68b7546 alignfull uagb-is-root-container\"><div class=\"uagb-container-inner-blocks-wrap\">\n<div class=\"wp-block-uagb-image uagb-block-b654844f wp-block-uagb-image--layout-default wp-block-uagb-image--effect-static wp-block-uagb-image--align-none\"><figure class=\"wp-block-uagb-image__figure\"><img decoding=\"async\" src=\"https:\/\/talikan.com\/wp-content\/uploads\/sites\/472\/2025\/10\/talikan2.jpg\" alt=\"\" class=\"uag-image-488\" width=\"1920\" height=\"1080\" title=\"talikan2\" loading=\"lazy\" role=\"img\" \/><\/figure><\/div>\n\n\n\n<div class=\"wp-block-uagb-info-box uagb-block-87795900 uagb-infobox__content-wrap  uagb-infobox-icon-above-title uagb-infobox-image-valign-top\"><div class=\"uagb-ifb-content\"><div class=\"uagb-ifb-title-wrap\"><h2 class=\"uagb-ifb-title\"><strong>Des connaissances qui vous font avancer<\/strong><\/h2><\/div><p class=\"uagb-ifb-desc\">Nous avons cr\u00e9\u00e9 cet espace pour partager un contenu accessible, pratique et direct, destin\u00e9 \u00e0 ceux qui souhaitent prendre des d\u00e9cisions plus \u00e9clair\u00e9es et saisir les meilleures opportunit\u00e9s. <br><br>Vous trouverez ici des guides, des conseils et des analyses sur des sujets tels que la carri\u00e8re, les affaires, la technologie et le d\u00e9veloppement personnel, toujours ax\u00e9s sur votre progression r\u00e9elle et constante.<\/p><\/div><\/div>\n<\/div><\/div>\n<\/div><\/div>\n\n\n\n\t\t\t<div class=\"wp-block-uagb-post-carousel uagb-post-grid  uagb-post__image-position-top uagb-post__image-enabled uagb-block-c875bae7     uagb-post__arrow-outside uagb-post__items uagb-post__columns-3 is-carousel uagb-post__columns-tablet-2 uagb-post__columns-mobile-1\" data-total=\"18\" style=\"\">\n\n\t\t\t\t\t\t\t\t\t\t\t\t<article class=\"uagb-post__inner-wrap\">\t\t\t\t\t\t\t\t<div class='uagb-post__image'>\n\t\t\t\t\t\t\t\t\t<a href=\"https:\/\/talikan.com\/fr\/housecleaner-jobs\/\" target=\"_self\" rel=\"bookmark noopener noreferrer\"><img loading=\"lazy\" decoding=\"async\" width=\"1024\" height=\"576\" src=\"https:\/\/talikan.com\/wp-content\/uploads\/sites\/472\/2026\/01\/housekeeping-positions-1024x576.jpg\" class=\"attachment-large size-large\" alt=\"\" srcset=\"https:\/\/talikan.com\/wp-content\/uploads\/sites\/472\/2026\/01\/housekeeping-positions-1024x576.jpg 1024w, https:\/\/talikan.com\/wp-content\/uploads\/sites\/472\/2026\/01\/housekeeping-positions-300x169.jpg 300w, https:\/\/talikan.com\/wp-content\/uploads\/sites\/472\/2026\/01\/housekeeping-positions-768x432.jpg 768w, https:\/\/talikan.com\/wp-content\/uploads\/sites\/472\/2026\/01\/housekeeping-positions-1536x864.jpg 1536w, https:\/\/talikan.com\/wp-content\/uploads\/sites\/472\/2026\/01\/housekeeping-positions-18x10.jpg 18w, https:\/\/talikan.com\/wp-content\/uploads\/sites\/472\/2026\/01\/housekeeping-positions.jpg 1920w\" sizes=\"(max-width: 1024px) 100vw, 1024px\" \/>\t\t\t\t\t<\/a>\n\t\t\t\t\t\t\t\t\t<\/div>\n\t\t\t\t\t\t<h4 class=\"uagb-post__title uagb-post__text\">\n\t\t\t\t<a href=\"https:\/\/talikan.com\/fr\/housecleaner-jobs\/\" target=\"_self\" rel=\"bookmark noopener noreferrer\">Femme de m\u00e9nage gagnant jusqu&#039;\u00e0 5\u00a0291 rands par mois\u00a0: comment trouver un emploi rapidement, comprendre les salaires r\u00e9els et postuler d\u00e8s aujourd&#039;hui<\/a>\n\t\t\t<\/h4>\n\t\t\t\t\t\t<div class='uagb-post__text uagb-post-grid-byline'>\n\t\t\t\t\t\t\t<\/div>\n\t\t\t\t\t\t\t<div class='uagb-post__text uagb-post__excerpt'>\n\t\t\t\t\t<p>En moins de 10 minutes, vous apprendrez comment\u00a0: trouver des emplois de nettoyage \u00e0 domicile, comparer les offres\u2026\t\t\t\t<\/div>\n\t\t\t\t\t\t<div class=\"uagb-post__text uagb-post__cta wp-block-button\">\n\t\t\t\t<a class=\"wp-block-button__link uagb-text-link\" style=\"\" href=\"https:\/\/talikan.com\/fr\/housecleaner-jobs\/\" target=\"_self\" rel=\"bookmark noopener noreferrer\">En savoir plus<\/a>\n\t\t\t<\/div>\n\t\t\t\n\t\t\t\t\t\t\t\t\t<\/article>\n\t\t\t\t\t\t\t\t\t\t\t\t\t\t\t\t<article class=\"uagb-post__inner-wrap\">\t\t\t\t\t\t\t\t<div class='uagb-post__image'>\n\t\t\t\t\t\t\t\t\t<a href=\"https:\/\/talikan.com\/fr\/roblox\/\" target=\"_self\" rel=\"bookmark noopener noreferrer\"><img loading=\"lazy\" decoding=\"async\" width=\"1024\" height=\"576\" src=\"https:\/\/talikan.com\/wp-content\/uploads\/sites\/472\/2025\/10\/roblox-appstore-1024x576.jpg\" class=\"attachment-large size-large\" alt=\"\" srcset=\"https:\/\/talikan.com\/wp-content\/uploads\/sites\/472\/2025\/10\/roblox-appstore-1024x576.jpg 1024w, https:\/\/talikan.com\/wp-content\/uploads\/sites\/472\/2025\/10\/roblox-appstore-300x169.jpg 300w, https:\/\/talikan.com\/wp-content\/uploads\/sites\/472\/2025\/10\/roblox-appstore-768x432.jpg 768w, https:\/\/talikan.com\/wp-content\/uploads\/sites\/472\/2025\/10\/roblox-appstore-1536x864.jpg 1536w, https:\/\/talikan.com\/wp-content\/uploads\/sites\/472\/2025\/10\/roblox-appstore.jpg 1920w\" sizes=\"(max-width: 1024px) 100vw, 1024px\" \/>\t\t\t\t\t<\/a>\n\t\t\t\t\t\t\t\t\t<\/div>\n\t\t\t\t\t\t<h4 class=\"uagb-post__title uagb-post__text\">\n\t\t\t\t<a href=\"https:\/\/talikan.com\/fr\/roblox\/\" target=\"_self\" rel=\"bookmark noopener noreferrer\">Comment gagner des Robux et de l&#039;argent r\u00e9el sur Roblox\u00a0: les nouvelles voies pour les cr\u00e9ateurs<\/a>\n\t\t\t<\/h4>\n\t\t\t\t\t\t<div class='uagb-post__text uagb-post-grid-byline'>\n\t\t\t\t\t\t\t<\/div>\n\t\t\t\t\t\t\t<div class='uagb-post__text uagb-post__excerpt'>\n\t\t\t\t\t<p>En moins de 10 minutes, vous apprendrez comment\u00a0: Comprendre les nouvelles m\u00e9thodes l\u00e9gitimes et s\u00fbres\u2026\t\t\t\t<\/div>\n\t\t\t\t\t\t<div class=\"uagb-post__text uagb-post__cta wp-block-button\">\n\t\t\t\t<a class=\"wp-block-button__link uagb-text-link\" style=\"\" href=\"https:\/\/talikan.com\/fr\/roblox\/\" target=\"_self\" rel=\"bookmark noopener noreferrer\">En savoir plus<\/a>\n\t\t\t<\/div>\n\t\t\t\n\t\t\t\t\t\t\t\t\t<\/article>\n\t\t\t\t\t\t\t\t\t\t\t\t\t\t\t\t<article class=\"uagb-post__inner-wrap\">\t\t\t\t\t\t\t\t<div class='uagb-post__image'>\n\t\t\t\t\t\t\t\t\t<a href=\"https:\/\/talikan.com\/fr\/how-to-track-your-progress-toward-retirement-goals\/\" target=\"_self\" rel=\"bookmark noopener noreferrer\"><img loading=\"lazy\" decoding=\"async\" width=\"525\" height=\"350\" src=\"https:\/\/talikan.com\/wp-content\/uploads\/sites\/472\/2025\/08\/A-couple-examines-real-estate-documents-indoors-with-focus-on-writing-and-discussion.jpg\" class=\"attachment-large size-large\" alt=\"A couple examines real estate documents indoors with focus on writing and discussion.\" srcset=\"https:\/\/talikan.com\/wp-content\/uploads\/sites\/472\/2025\/08\/A-couple-examines-real-estate-documents-indoors-with-focus-on-writing-and-discussion.jpg 525w, https:\/\/talikan.com\/wp-content\/uploads\/sites\/472\/2025\/08\/A-couple-examines-real-estate-documents-indoors-with-focus-on-writing-and-discussion-300x200.jpg 300w\" sizes=\"(max-width: 525px) 100vw, 525px\" \/>\t\t\t\t\t<\/a>\n\t\t\t\t\t\t\t\t\t<\/div>\n\t\t\t\t\t\t<h4 class=\"uagb-post__title uagb-post__text\">\n\t\t\t\t<a href=\"https:\/\/talikan.com\/fr\/how-to-track-your-progress-toward-retirement-goals\/\" target=\"_self\" rel=\"bookmark noopener noreferrer\">Comment suivre vos progr\u00e8s vers vos objectifs de retraite<\/a>\n\t\t\t<\/h4>\n\t\t\t\t\t\t<div class='uagb-post__text uagb-post-grid-byline'>\n\t\t\t\t\t\t\t<\/div>\n\t\t\t\t\t\t\t<div class='uagb-post__text uagb-post__excerpt'>\n\t\t\t\t\tD\u00e9couvrez des m\u00e9thodes simples pour suivre l&#039;\u00e9volution de votre \u00e9pargne-retraite gr\u00e2ce \u00e0 des exemples concrets, des analogies et des conseils. Cr\u00e9ez\u2026\t\t\t\t<\/div>\n\t\t\t\t\t\t<div class=\"uagb-post__text uagb-post__cta wp-block-button\">\n\t\t\t\t<a class=\"wp-block-button__link uagb-text-link\" style=\"\" href=\"https:\/\/talikan.com\/fr\/how-to-track-your-progress-toward-retirement-goals\/\" target=\"_self\" rel=\"bookmark noopener noreferrer\">En savoir plus<\/a>\n\t\t\t<\/div>\n\t\t\t\n\t\t\t\t\t\t\t\t\t<\/article>\n\t\t\t\t\t\t\t\t\t\t\t<\/div>\n\t\t\t\n\n\n<div class=\"wp-block-uagb-container uagb-block-05fd2311 alignfull uagb-is-root-container\"><div class=\"uagb-container-inner-blocks-wrap\">\n<h2 class=\"wp-block-heading has-ast-global-color-5-color has-text-color has-link-color wp-elements-1c32ed04b7a0842e451d1e933e6ad82c\"><strong>Votre voyage commence ici<\/strong><\/h2>\n\n\n\n<p class=\"has-ast-global-color-5-color has-text-color has-link-color wp-elements-03445a0f1e6f410cf81288b968edae0a\">Bien plus qu&#039;une simple information, nous voulons vous accompagner dans cette d\u00e9marche. Talikan est un point de d\u00e9part pour celles et ceux qui souhaitent progresser avec clart\u00e9, d\u00e9termination et efficacit\u00e9. Nous sommes l\u00e0 pour vous aider \u00e0 transformer vos connaissances en actions.<\/p>\n<\/div><\/div>","protected":false},"excerpt":{"rendered":"<p>Du contenu expert pour chaque aspect de votre vie. Votre parcours commence ici. Plus qu&#039;une simple information, nous voulons vous accompagner. Talikan est un point de d\u00e9part pour celles et ceux qui souhaitent \u00e9voluer avec clart\u00e9, d\u00e9termination et efficacit\u00e9. Nous sommes l\u00e0 pour vous aider \u00e0 transformer vos connaissances en actions.<\/p>","protected":false},"author":2,"featured_media":0,"parent":0,"menu_order":0,"comment_status":"closed","ping_status":"closed","template":"","meta":{"_uag_custom_page_level_css":"","site-sidebar-layout":"no-sidebar","site-content-layout":"plain-container","ast-site-content-layout":"normal-width-container","site-content-style":"unboxed","site-sidebar-style":"unboxed","ast-global-header-display":"","ast-banner-title-visibility":"","ast-main-header-display":"","ast-hfb-above-header-display":"","ast-hfb-below-header-display":"","ast-hfb-mobile-header-display":"","site-post-title":"disabled","ast-breadcrumbs-content":"","ast-featured-img":"","footer-sml-layout":"","theme-transparent-header-meta":"default","adv-header-id-meta":"","stick-header-meta":"","header-above-stick-meta":"","header-main-stick-meta":"","header-below-stick-meta":"","astra-migrate-meta-layouts":"set","ast-page-background-enabled":"default","ast-page-background-meta":{"desktop":{"background-color":"var(--ast-global-color-4)","background-image":"","background-repeat":"repeat","background-position":"center center","background-size":"auto","background-attachment":"scroll","background-type":"","background-media":"","overlay-type":"","overlay-color":"","overlay-opacity":"","overlay-gradient":""},"tablet":{"background-color":"","background-image":"","background-repeat":"repeat","background-position":"center center","background-size":"auto","background-attachment":"scroll","background-type":"","background-media":"","overlay-type":"","overlay-color":"","overlay-opacity":"","overlay-gradient":""},"mobile":{"background-color":"","background-image":"","background-repeat":"repeat","background-position":"center center","background-size":"auto","background-attachment":"scroll","background-type":"","background-media":"","overlay-type":"","overlay-color":"","overlay-opacity":"","overlay-gradient":""}},"ast-content-background-meta":{"desktop":{"background-color":"var(--ast-global-color-5)","background-image":"","background-repeat":"repeat","background-position":"center center","background-size":"auto","background-attachment":"scroll","background-type":"","background-media":"","overlay-type":"","overlay-color":"","overlay-opacity":"","overlay-gradient":""},"tablet":{"background-color":"var(--ast-global-color-5)","background-image":"","background-repeat":"repeat","background-position":"center center","background-size":"auto","background-attachment":"scroll","background-type":"","background-media":"","overlay-type":"","overlay-color":"","overlay-opacity":"","overlay-gradient":""},"mobile":{"background-color":"var(--ast-global-color-5)","background-image":"","background-repeat":"repeat","background-position":"center center","background-size":"auto","background-attachment":"scroll","background-type":"","background-media":"","overlay-type":"","overlay-color":"","overlay-opacity":"","overlay-gradient":""}},"footnotes":""},"yoast_head":"<!-- This site is optimized with the Yoast SEO plugin v23.3 - https:\/\/yoast.com\/wordpress\/plugins\/seo\/ -->\n<title>Home - Talikan<\/title>\n<meta name=\"robots\" content=\"index, follow, max-snippet:-1, max-image-preview:large, max-video-preview:-1\" \/>\n<link rel=\"canonical\" href=\"https:\/\/talikan.com\/fr\/\" \/>\n<meta property=\"og:locale\" content=\"fr_FR\" \/>\n<meta property=\"og:type\" content=\"article\" \/>\n<meta property=\"og:title\" content=\"Home - Talikan\" \/>\n<meta property=\"og:description\" content=\"Expert content for every area of your life Your journey starts here More than just informing, we want to walk this path with you. Talikan is a starting point for those looking to grow with clarity, purpose, and action. We\u2019re here to help you turn knowledge into action.\" \/>\n<meta property=\"og:url\" content=\"https:\/\/talikan.com\/fr\/\" \/>\n<meta property=\"og:site_name\" content=\"Talikan\" \/>\n<meta property=\"article:modified_time\" content=\"2025-11-13T19:56:38+00:00\" \/>\n<meta property=\"og:image\" content=\"https:\/\/talikan.com\/wp-content\/uploads\/sites\/472\/2025\/10\/talikan2.jpg\" \/>\n<meta name=\"twitter:card\" content=\"summary_large_image\" \/>\n<meta name=\"twitter:label1\" content=\"Est. reading time\" \/>\n\t<meta name=\"twitter:data1\" content=\"1 minute\" \/>\n<script type=\"application\/ld+json\" class=\"yoast-schema-graph\">{\"@context\":\"https:\/\/schema.org\",\"@graph\":[{\"@type\":\"WebPage\",\"@id\":\"https:\/\/talikan.com\/\",\"url\":\"https:\/\/talikan.com\/\",\"name\":\"Home - Talikan\",\"isPartOf\":{\"@id\":\"https:\/\/talikan.com\/#website\"},\"primaryImageOfPage\":{\"@id\":\"https:\/\/talikan.com\/#primaryimage\"},\"image\":{\"@id\":\"https:\/\/talikan.com\/#primaryimage\"},\"thumbnailUrl\":\"https:\/\/talikan.com\/wp-content\/uploads\/sites\/472\/2025\/10\/talikan2.jpg\",\"datePublished\":\"2025-09-05T08:42:33+00:00\",\"dateModified\":\"2025-11-13T19:56:38+00:00\",\"breadcrumb\":{\"@id\":\"https:\/\/talikan.com\/#breadcrumb\"},\"inLanguage\":\"fr-FR\",\"potentialAction\":[{\"@type\":\"ReadAction\",\"target\":[\"https:\/\/talikan.com\/\"]}]},{\"@type\":\"ImageObject\",\"inLanguage\":\"fr-FR\",\"@id\":\"https:\/\/talikan.com\/#primaryimage\",\"url\":\"https:\/\/talikan.com\/wp-content\/uploads\/sites\/472\/2025\/10\/talikan2.jpg\",\"contentUrl\":\"https:\/\/talikan.com\/wp-content\/uploads\/sites\/472\/2025\/10\/talikan2.jpg\"},{\"@type\":\"BreadcrumbList\",\"@id\":\"https:\/\/talikan.com\/#breadcrumb\",\"itemListElement\":[{\"@type\":\"ListItem\",\"position\":1,\"name\":\"Home\",\"item\":\"https:\/\/talikan.com\/\"},{\"@type\":\"ListItem\",\"position\":2,\"name\":\"Home\"}]},{\"@type\":\"WebSite\",\"@id\":\"https:\/\/talikan.com\/#website\",\"url\":\"https:\/\/talikan.com\/\",\"name\":\"Talikan\",\"description\":\"\",\"publisher\":{\"@id\":\"https:\/\/talikan.com\/#organization\"},\"potentialAction\":[{\"@type\":\"SearchAction\",\"target\":{\"@type\":\"EntryPoint\",\"urlTemplate\":\"https:\/\/talikan.com\/?s={search_term_string}\"},\"query-input\":\"required name=search_term_string\"}],\"inLanguage\":\"fr-FR\"},{\"@type\":\"Organization\",\"@id\":\"https:\/\/talikan.com\/#organization\",\"name\":\"Talikan\",\"url\":\"https:\/\/talikan.com\/\",\"logo\":{\"@type\":\"ImageObject\",\"inLanguage\":\"fr-FR\",\"@id\":\"https:\/\/talikan.com\/#\/schema\/logo\/image\/\",\"url\":\"https:\/\/talikan.com\/wp-content\/uploads\/sites\/472\/2025\/10\/cropped-cropped-talikan-2.jpg\",\"contentUrl\":\"https:\/\/talikan.com\/wp-content\/uploads\/sites\/472\/2025\/10\/cropped-cropped-talikan-2.jpg\",\"width\":512,\"height\":512,\"caption\":\"Talikan\"},\"image\":{\"@id\":\"https:\/\/talikan.com\/#\/schema\/logo\/image\/\"}}]}<\/script>\n<!-- \/ Yoast SEO plugin. -->","yoast_head_json":{"title":"Home - Talikan","robots":{"index":"index","follow":"follow","max-snippet":"max-snippet:-1","max-image-preview":"max-image-preview:large","max-video-preview":"max-video-preview:-1"},"canonical":"https:\/\/talikan.com\/fr\/","og_locale":"fr_FR","og_type":"article","og_title":"Home - Talikan","og_description":"Expert content for every area of your life Your journey starts here More than just informing, we want to walk this path with you. Talikan is a starting point for those looking to grow with clarity, purpose, and action. We\u2019re here to help you turn knowledge into action.","og_url":"https:\/\/talikan.com\/fr\/","og_site_name":"Talikan","article_modified_time":"2025-11-13T19:56:38+00:00","og_image":[{"url":"https:\/\/talikan.com\/wp-content\/uploads\/sites\/472\/2025\/10\/talikan2.jpg"}],"twitter_card":"summary_large_image","twitter_misc":{"Est. reading time":"1 minute"},"schema":{"@context":"https:\/\/schema.org","@graph":[{"@type":"WebPage","@id":"https:\/\/talikan.com\/","url":"https:\/\/talikan.com\/","name":"Home - Talikan","isPartOf":{"@id":"https:\/\/talikan.com\/#website"},"primaryImageOfPage":{"@id":"https:\/\/talikan.com\/#primaryimage"},"image":{"@id":"https:\/\/talikan.com\/#primaryimage"},"thumbnailUrl":"https:\/\/talikan.com\/wp-content\/uploads\/sites\/472\/2025\/10\/talikan2.jpg","datePublished":"2025-09-05T08:42:33+00:00","dateModified":"2025-11-13T19:56:38+00:00","breadcrumb":{"@id":"https:\/\/talikan.com\/#breadcrumb"},"inLanguage":"fr-FR","potentialAction":[{"@type":"ReadAction","target":["https:\/\/talikan.com\/"]}]},{"@type":"ImageObject","inLanguage":"fr-FR","@id":"https:\/\/talikan.com\/#primaryimage","url":"https:\/\/talikan.com\/wp-content\/uploads\/sites\/472\/2025\/10\/talikan2.jpg","contentUrl":"https:\/\/talikan.com\/wp-content\/uploads\/sites\/472\/2025\/10\/talikan2.jpg"},{"@type":"BreadcrumbList","@id":"https:\/\/talikan.com\/#breadcrumb","itemListElement":[{"@type":"ListItem","position":1,"name":"Home","item":"https:\/\/talikan.com\/"},{"@type":"ListItem","position":2,"name":"Home"}]},{"@type":"WebSite","@id":"https:\/\/talikan.com\/#website","url":"https:\/\/talikan.com\/","name":"Talikan","description":"","publisher":{"@id":"https:\/\/talikan.com\/#organization"},"potentialAction":[{"@type":"SearchAction","target":{"@type":"EntryPoint","urlTemplate":"https:\/\/talikan.com\/?s={search_term_string}"},"query-input":"required name=search_term_string"}],"inLanguage":"fr-FR"},{"@type":"Organization","@id":"https:\/\/talikan.com\/#organization","name":"Talikan","url":"https:\/\/talikan.com\/","logo":{"@type":"ImageObject","inLanguage":"fr-FR","@id":"https:\/\/talikan.com\/#\/schema\/logo\/image\/","url":"https:\/\/talikan.com\/wp-content\/uploads\/sites\/472\/2025\/10\/cropped-cropped-talikan-2.jpg","contentUrl":"https:\/\/talikan.com\/wp-content\/uploads\/sites\/472\/2025\/10\/cropped-cropped-talikan-2.jpg","width":512,"height":512,"caption":"Talikan"},"image":{"@id":"https:\/\/talikan.com\/#\/schema\/logo\/image\/"}}]}},"uagb_featured_image_src":{"full":false,"thumbnail":false,"medium":false,"medium_large":false,"large":false,"1536x1536":false,"2048x2048":false,"trp-custom-language-flag":false},"uagb_author_info":{"display_name":"lcgianni","author_link":"https:\/\/talikan.com\/fr\/author\/lcgianni\/"},"uagb_comment_info":0,"uagb_excerpt":"Expert content for every area of your life Your journey starts here More than just informing, we want to walk this path with you. Talikan is a starting point for those looking to grow with clarity, purpose, and action. We\u2019re here to help you turn knowledge into action.","_links":{"self":[{"href":"https:\/\/talikan.com\/fr\/wp-json\/wp\/v2\/pages\/429"}],"collection":[{"href":"https:\/\/talikan.com\/fr\/wp-json\/wp\/v2\/pages"}],"about":[{"href":"https:\/\/talikan.com\/fr\/wp-json\/wp\/v2\/types\/page"}],"author":[{"embeddable":true,"href":"https:\/\/talikan.com\/fr\/wp-json\/wp\/v2\/users\/2"}],"replies":[{"embeddable":true,"href":"https:\/\/talikan.com\/fr\/wp-json\/wp\/v2\/comments?post=429"}],"version-history":[{"count":10,"href":"https:\/\/talikan.com\/fr\/wp-json\/wp\/v2\/pages\/429\/revisions"}],"predecessor-version":[{"id":518,"href":"https:\/\/talikan.com\/fr\/wp-json\/wp\/v2\/pages\/429\/revisions\/518"}],"wp:attachment":[{"href":"https:\/\/talikan.com\/fr\/wp-json\/wp\/v2\/media?parent=429"}],"curies":[{"name":"wp","href":"https:\/\/api.w.org\/{rel}","templated":true}]}}