{"id":12,"date":"2025-08-04T18:50:28","date_gmt":"2025-08-04T18:50:28","guid":{"rendered":"https:\/\/talikan.com\/?page_id=12"},"modified":"2025-08-04T18:50:29","modified_gmt":"2025-08-04T18:50:29","slug":"about","status":"publish","type":"page","link":"https:\/\/talikan.com\/it\/about\/","title":{"rendered":"Di"},"content":{"rendered":"<p><strong><br><\/strong>Talikan \u00e8 stata creata con un obiettivo chiaro in mente: rendere le informazioni finanziarie accessibili, comprensibili e realmente utili per la vita di tutti i giorni. Crediamo che tutti meritino un accesso chiaro e imparziale alle informazioni quando prendono decisioni finanziarie, che si tratti di scegliere una carta di credito, confrontare diverse opzioni di prestito o semplicemente imparare modi migliori per gestire le finanze personali.<\/p>\n\n\n\n<p>Gli argomenti finanziari possono essere complessi, ma non crediamo che debbano essere fonte di confusione. Ecco perch\u00e9 ogni articolo su Talikan \u00e8 progettato per offrire spunti pratici e ben documentati, senza un gergo tecnico eccessivo o confusione di settore. Il nostro obiettivo \u00e8 aiutare i lettori a orientarsi nel mondo finanziario con maggiore sicurezza e chiarezza, analizzando ci\u00f2 che conta e offrendo informazioni che siano applicabili, non astratte.<\/p>\n\n\n\n<p>Copriamo un&#039;ampia gamma di argomenti per supportare diverse esigenze e fasi della vita. Dall&#039;ottenimento del credito alla comprensione del funzionamento dei tassi di interesse, Talikan fornisce risposte chiare alle domande che le persone si pongono realmente.<\/p>\n\n\n\n<h2 class=\"wp-block-heading\">Cosa troverai su Talikan<\/h2>\n\n\n\n<p>I nostri contenuti sono strutturati per offrire non solo informazioni, ma anche contesto e confronto. Analizziamo pi\u00f9 da vicino i prodotti finanziari disponibili al pubblico e spieghiamo cosa offrono, a chi sono pi\u00f9 adatti e come si confrontano con opzioni simili sul mercato.<\/p>\n\n\n\n<p>Ecco cosa puoi aspettarti esplorando Talikan:<\/p>\n\n\n\n<ul>\n<li><strong>Recensioni approfondite dei prodotti<\/strong><\/li>\n<\/ul>\n\n\n\n<p>Esaminiamo prodotti finanziari come carte di credito, prestiti personali e altri servizi finanziari, concentrandoci su caratteristiche, termini e condizioni reali. Ogni recensione si basa su informazioni pubblicamente disponibili e ha lo scopo di aiutare i lettori a valutarne i pro e i contro.<\/p>\n\n\n\n<ul>\n<li><strong>Consigli e indicazioni finanziarie<\/strong><\/li>\n<\/ul>\n\n\n\n<p>I nostri articoli di consulenza finanziaria offrono strategie semplici ma efficaci per la gestione del budget, il risparmio, la gestione dei debiti e il miglioramento del punteggio di credito. Queste guide sono pensate per essere pratiche e pertinenti alla vita quotidiana.<\/p>\n\n\n\n<ul>\n<li><strong>Contenuto comparativo<\/strong><\/li>\n<\/ul>\n\n\n\n<p>Invece di limitarci a elencare i prodotti, spesso forniamo elementi di confronto per evidenziare le differenze in termini di TAEG, requisiti di ammissibilit\u00e0, programmi fedelt\u00e0 e altri elementi cruciali. Questo rende pi\u00f9 facile per i lettori valutare la soluzione pi\u00f9 adatta alla loro situazione.<\/p>\n\n\n\n<ul>\n<li><strong>Risorse educative<\/strong><\/li>\n<\/ul>\n\n\n\n<p>Offriamo spiegazioni che affrontano concetti finanziari fondamentali, come il funzionamento dell&#039;utilizzo del credito o il calcolo degli interessi sui prestiti personali, in modo che gli utenti possano prendere decisioni migliori al di l\u00e0 di un singolo prodotto.<\/p>\n\n\n\n<p>In Talikan, il nostro obiettivo non \u00e8 vendere o promuovere, ma fornire ai lettori conoscenze. Se un prodotto presenta determinate limitazioni, lo diciamo. Se esistono alternative migliori per casi d&#039;uso specifici, ne spieghiamo il motivo. Il nostro approccio editoriale \u00e8 orientato al valore per il lettore, non alle partnership commerciali.<\/p>\n\n\n\n<h2 class=\"wp-block-heading\">Come restiamo indipendenti<\/h2>\n\n\n\n<p>La trasparenza \u00e8 un elemento fondamentale della nostra attivit\u00e0. Talikan \u00e8 una piattaforma completamente indipendente. Non intratteniamo rapporti diretti o indiretti con istituti finanziari, banche o istituti di credito. Non creiamo, vendiamo o promuoviamo alcun prodotto finanziario. Il nostro ruolo \u00e8 puramente informativo.<\/p>\n\n\n\n<p>Questa indipendenza ci consente di:<\/p>\n\n\n\n<ul>\n<li>Esamina i prodotti in modo obiettivo, basandoti esclusivamente sulle loro caratteristiche, sui termini di utilizzo e sulla loro usabilit\u00e0, non su accordi di affiliazione o posizionamenti a pagamento.<\/li>\n\n\n\n<li>Evitiamo conflitti di interesse, assicurandoci che le nostre raccomandazioni e i nostri confronti siano motivati dall&#039;utilit\u00e0, non da partnership.<\/li>\n\n\n\n<li>Concentratevi sulla chiarezza, invece di spingere gli utenti verso soluzioni preselezionate.<\/li>\n<\/ul>\n\n\n\n<p>Potremmo includere link di affiliazione per mantenere la piattaforma sostenibile; tali link saranno chiaramente contrassegnati e non influenzeranno mai le nostre priorit\u00e0 editoriali. La nostra integrit\u00e0 come fonte di informazione finanziaria rimane fondamentale per il nostro modo di operare.<br><\/p>\n\n\n\n<h2 class=\"wp-block-heading\">Avvisi legali e dichiarazioni di esclusione di responsabilit\u00e0 importanti<\/h2>\n\n\n\n<p>Ci impegniamo a mantenere le informazioni su Talikan il pi\u00f9 accurate e aggiornate possibile. Tuttavia, il mercato finanziario \u00e8 dinamico e i dettagli dei prodotti possono cambiare frequentemente.<\/p>\n\n\n\n<p>Si prega di prendere nota delle seguenti avvertenze:<\/p>\n\n\n\n<p><strong>Nessuna affiliazione ufficiale<\/strong><\/p>\n\n\n\n<p>Talikan non \u00e8 affiliata ad alcun istituto finanziario. Non offriamo, creiamo o gestiamo nessuno dei prodotti finanziari presentati sul nostro sito. Tutte le informazioni provengono da fonti pubbliche a solo scopo informativo.<\/p>\n\n\n\n<p><strong>Nessuna garanzia di disponibilit\u00e0 o accuratezza<\/strong><\/p>\n\n\n\n<p>Alcuni prodotti finanziari elencati su Talikan potrebbero essere modificati o sospesi dai rispettivi istituti emittenti dopo la pubblicazione. Non possiamo garantire che i termini, i tassi o le caratteristiche descritti rimangano aggiornati al momento della visita. Verificate sempre i dettagli con il fornitore ufficiale prima di prendere qualsiasi decisione.<\/p>\n\n\n\n<p><strong>Nessun consiglio finanziario<\/strong><\/p>\n\n\n\n<p>Sebbene il nostro obiettivo sia fornire contenuti affidabili e informativi, Talikan non offre consulenza finanziaria personalizzata. Le informazioni presentate su questo sito non devono essere considerate sostitutive della consulenza di un consulente finanziario o professionista autorizzato.<\/p>\n\n\n\n<p><strong>Responsabilit\u00e0 dell&#039;utente<\/strong><\/p>\n\n\n\n<p>Qualsiasi decisione finanziaria presa sulla base delle informazioni contenute in questo sito \u00e8 di esclusiva responsabilit\u00e0 dell&#039;utente. Invitiamo tutti gli utenti a condurre le proprie ricerche e a consultare pi\u00f9 fonti prima di richiedere prodotti finanziari.<\/p>\n\n\n\n<h2 class=\"wp-block-heading\">Perch\u00e9 esistiamo<\/h2>\n\n\n\n<p>Talikan \u00e8 essenzialmente una risorsa pensata per chi desidera sentirsi pi\u00f9 sicuro e informato sulle proprie finanze. Sappiamo che scegliere una carta di credito o richiedere un prestito pu\u00f2 essere stressante, soprattutto quando non si \u00e8 sicuri di cosa significhino realmente le clausole scritte in piccolo.<\/p>\n\n\n\n<p>Offrendo contenuti semplici, utili e basati sulla ricerca, speriamo di rendere le decisioni finanziarie un po&#039; meno opprimenti e molto pi\u00f9 stimolanti.<\/p>\n\n\n\n<p>Vi invitiamo a esplorare il nostro sito, a porre domande e a tornare spesso. Il mondo della finanza \u00e8 in continua evoluzione e noi di Talikan siamo qui per aiutarvi a comprenderlo.<\/p>\n\n\n\n<p>Se hai feedback, domande o suggerimenti, ti invitiamo a contattarci tramite il nostro <a href=\"https:\/\/talikan.com\/it\/contact\/\">Contatto<\/a> pagina.<\/p>","protected":false},"excerpt":{"rendered":"<p>Talikan was created with a clear goal in mind: to make financial information accessible, understandable, and genuinely useful for everyday life. We believe that everyone deserves clear, unbiased access to information when making financial decisions, whether it\u2019s about choosing a credit card, comparing loan options, or simply learning better ways to manage personal finances. Financial [&hellip;]<\/p>","protected":false},"author":3,"featured_media":0,"parent":0,"menu_order":0,"comment_status":"closed","ping_status":"closed","template":"","meta":{"_uag_custom_page_level_css":"","site-sidebar-layout":"default","site-content-layout":"","ast-site-content-layout":"","site-content-style":"default","site-sidebar-style":"default","ast-global-header-display":"","ast-banner-title-visibility":"","ast-main-header-display":"","ast-hfb-above-header-display":"","ast-hfb-below-header-display":"","ast-hfb-mobile-header-display":"","site-post-title":"","ast-breadcrumbs-content":"","ast-featured-img":"","footer-sml-layout":"","theme-transparent-header-meta":"","adv-header-id-meta":"","stick-header-meta":"","header-above-stick-meta":"","header-main-stick-meta":"","header-below-stick-meta":"","astra-migrate-meta-layouts":"default","ast-page-background-enabled":"default","ast-page-background-meta":{"desktop":{"background-color":"var(--ast-global-color-4)","background-image":"","background-repeat":"repeat","background-position":"center center","background-size":"auto","background-attachment":"scroll","background-type":"","background-media":"","overlay-type":"","overlay-color":"","overlay-opacity":"","overlay-gradient":""},"tablet":{"background-color":"","background-image":"","background-repeat":"repeat","background-position":"center center","background-size":"auto","background-attachment":"scroll","background-type":"","background-media":"","overlay-type":"","overlay-color":"","overlay-opacity":"","overlay-gradient":""},"mobile":{"background-color":"","background-image":"","background-repeat":"repeat","background-position":"center center","background-size":"auto","background-attachment":"scroll","background-type":"","background-media":"","overlay-type":"","overlay-color":"","overlay-opacity":"","overlay-gradient":""}},"ast-content-background-meta":{"desktop":{"background-color":"var(--ast-global-color-5)","background-image":"","background-repeat":"repeat","background-position":"center center","background-size":"auto","background-attachment":"scroll","background-type":"","background-media":"","overlay-type":"","overlay-color":"","overlay-opacity":"","overlay-gradient":""},"tablet":{"background-color":"var(--ast-global-color-5)","background-image":"","background-repeat":"repeat","background-position":"center center","background-size":"auto","background-attachment":"scroll","background-type":"","background-media":"","overlay-type":"","overlay-color":"","overlay-opacity":"","overlay-gradient":""},"mobile":{"background-color":"var(--ast-global-color-5)","background-image":"","background-repeat":"repeat","background-position":"center center","background-size":"auto","background-attachment":"scroll","background-type":"","background-media":"","overlay-type":"","overlay-color":"","overlay-opacity":"","overlay-gradient":""}},"footnotes":""},"yoast_head":"<!-- This site is optimized with the Yoast SEO plugin v23.3 - https:\/\/yoast.com\/wordpress\/plugins\/seo\/ -->\n<title>About - Talikan<\/title>\n<meta name=\"robots\" content=\"index, follow, max-snippet:-1, max-image-preview:large, max-video-preview:-1\" \/>\n<link rel=\"canonical\" href=\"https:\/\/talikan.com\/it\/about\/\" \/>\n<meta property=\"og:locale\" content=\"it_IT\" \/>\n<meta property=\"og:type\" content=\"article\" \/>\n<meta property=\"og:title\" content=\"About - Talikan\" \/>\n<meta property=\"og:description\" content=\"Talikan was created with a clear goal in mind: to make financial information accessible, understandable, and genuinely useful for everyday life. We believe that everyone deserves clear, unbiased access to information when making financial decisions, whether it\u2019s about choosing a credit card, comparing loan options, or simply learning better ways to manage personal finances. Financial [&hellip;]\" \/>\n<meta property=\"og:url\" content=\"https:\/\/talikan.com\/it\/about\/\" \/>\n<meta property=\"og:site_name\" content=\"Talikan\" \/>\n<meta property=\"article:modified_time\" content=\"2025-08-04T18:50:29+00:00\" \/>\n<meta name=\"twitter:card\" content=\"summary_large_image\" \/>\n<script type=\"application\/ld+json\" class=\"yoast-schema-graph\">{\"@context\":\"https:\/\/schema.org\",\"@graph\":[{\"@type\":\"WebPage\",\"@id\":\"https:\/\/talikan.com\/about\/\",\"url\":\"https:\/\/talikan.com\/about\/\",\"name\":\"About - Talikan\",\"isPartOf\":{\"@id\":\"https:\/\/talikan.com\/#website\"},\"datePublished\":\"2025-08-04T18:50:28+00:00\",\"dateModified\":\"2025-08-04T18:50:29+00:00\",\"breadcrumb\":{\"@id\":\"https:\/\/talikan.com\/about\/#breadcrumb\"},\"inLanguage\":\"it-IT\",\"potentialAction\":[{\"@type\":\"ReadAction\",\"target\":[\"https:\/\/talikan.com\/about\/\"]}]},{\"@type\":\"BreadcrumbList\",\"@id\":\"https:\/\/talikan.com\/about\/#breadcrumb\",\"itemListElement\":[{\"@type\":\"ListItem\",\"position\":1,\"name\":\"Home\",\"item\":\"https:\/\/talikan.com\/\"},{\"@type\":\"ListItem\",\"position\":2,\"name\":\"About\"}]},{\"@type\":\"WebSite\",\"@id\":\"https:\/\/talikan.com\/#website\",\"url\":\"https:\/\/talikan.com\/\",\"name\":\"Talikan\",\"description\":\"\",\"publisher\":{\"@id\":\"https:\/\/talikan.com\/#organization\"},\"potentialAction\":[{\"@type\":\"SearchAction\",\"target\":{\"@type\":\"EntryPoint\",\"urlTemplate\":\"https:\/\/talikan.com\/?s={search_term_string}\"},\"query-input\":\"required name=search_term_string\"}],\"inLanguage\":\"it-IT\"},{\"@type\":\"Organization\",\"@id\":\"https:\/\/talikan.com\/#organization\",\"name\":\"Talikan\",\"url\":\"https:\/\/talikan.com\/\",\"logo\":{\"@type\":\"ImageObject\",\"inLanguage\":\"it-IT\",\"@id\":\"https:\/\/talikan.com\/#\/schema\/logo\/image\/\",\"url\":\"https:\/\/talikan.com\/wp-content\/uploads\/sites\/472\/2025\/10\/cropped-cropped-talikan-2.jpg\",\"contentUrl\":\"https:\/\/talikan.com\/wp-content\/uploads\/sites\/472\/2025\/10\/cropped-cropped-talikan-2.jpg\",\"width\":512,\"height\":512,\"caption\":\"Talikan\"},\"image\":{\"@id\":\"https:\/\/talikan.com\/#\/schema\/logo\/image\/\"}}]}<\/script>\n<!-- \/ Yoast SEO plugin. -->","yoast_head_json":{"title":"About - Talikan","robots":{"index":"index","follow":"follow","max-snippet":"max-snippet:-1","max-image-preview":"max-image-preview:large","max-video-preview":"max-video-preview:-1"},"canonical":"https:\/\/talikan.com\/it\/about\/","og_locale":"it_IT","og_type":"article","og_title":"About - Talikan","og_description":"Talikan was created with a clear goal in mind: to make financial information accessible, understandable, and genuinely useful for everyday life. We believe that everyone deserves clear, unbiased access to information when making financial decisions, whether it\u2019s about choosing a credit card, comparing loan options, or simply learning better ways to manage personal finances. Financial [&hellip;]","og_url":"https:\/\/talikan.com\/it\/about\/","og_site_name":"Talikan","article_modified_time":"2025-08-04T18:50:29+00:00","twitter_card":"summary_large_image","schema":{"@context":"https:\/\/schema.org","@graph":[{"@type":"WebPage","@id":"https:\/\/talikan.com\/about\/","url":"https:\/\/talikan.com\/about\/","name":"About - Talikan","isPartOf":{"@id":"https:\/\/talikan.com\/#website"},"datePublished":"2025-08-04T18:50:28+00:00","dateModified":"2025-08-04T18:50:29+00:00","breadcrumb":{"@id":"https:\/\/talikan.com\/about\/#breadcrumb"},"inLanguage":"it-IT","potentialAction":[{"@type":"ReadAction","target":["https:\/\/talikan.com\/about\/"]}]},{"@type":"BreadcrumbList","@id":"https:\/\/talikan.com\/about\/#breadcrumb","itemListElement":[{"@type":"ListItem","position":1,"name":"Home","item":"https:\/\/talikan.com\/"},{"@type":"ListItem","position":2,"name":"About"}]},{"@type":"WebSite","@id":"https:\/\/talikan.com\/#website","url":"https:\/\/talikan.com\/","name":"Talikan","description":"","publisher":{"@id":"https:\/\/talikan.com\/#organization"},"potentialAction":[{"@type":"SearchAction","target":{"@type":"EntryPoint","urlTemplate":"https:\/\/talikan.com\/?s={search_term_string}"},"query-input":"required name=search_term_string"}],"inLanguage":"it-IT"},{"@type":"Organization","@id":"https:\/\/talikan.com\/#organization","name":"Talikan","url":"https:\/\/talikan.com\/","logo":{"@type":"ImageObject","inLanguage":"it-IT","@id":"https:\/\/talikan.com\/#\/schema\/logo\/image\/","url":"https:\/\/talikan.com\/wp-content\/uploads\/sites\/472\/2025\/10\/cropped-cropped-talikan-2.jpg","contentUrl":"https:\/\/talikan.com\/wp-content\/uploads\/sites\/472\/2025\/10\/cropped-cropped-talikan-2.jpg","width":512,"height":512,"caption":"Talikan"},"image":{"@id":"https:\/\/talikan.com\/#\/schema\/logo\/image\/"}}]}},"uagb_featured_image_src":{"full":false,"thumbnail":false,"medium":false,"medium_large":false,"large":false,"1536x1536":false,"2048x2048":false,"trp-custom-language-flag":false},"uagb_author_info":{"display_name":"Bruno Gianni","author_link":"https:\/\/talikan.com\/it\/author\/bcgianni\/"},"uagb_comment_info":0,"uagb_excerpt":"Talikan was created with a clear goal in mind: to make financial information accessible, understandable, and genuinely useful for everyday life. We believe that everyone deserves clear, unbiased access to information when making financial decisions, whether it\u2019s about choosing a credit card, comparing loan options, or simply learning better ways to manage personal finances. Financial&hellip;","_links":{"self":[{"href":"https:\/\/talikan.com\/it\/wp-json\/wp\/v2\/pages\/12"}],"collection":[{"href":"https:\/\/talikan.com\/it\/wp-json\/wp\/v2\/pages"}],"about":[{"href":"https:\/\/talikan.com\/it\/wp-json\/wp\/v2\/types\/page"}],"author":[{"embeddable":true,"href":"https:\/\/talikan.com\/it\/wp-json\/wp\/v2\/users\/3"}],"replies":[{"embeddable":true,"href":"https:\/\/talikan.com\/it\/wp-json\/wp\/v2\/comments?post=12"}],"version-history":[{"count":1,"href":"https:\/\/talikan.com\/it\/wp-json\/wp\/v2\/pages\/12\/revisions"}],"predecessor-version":[{"id":13,"href":"https:\/\/talikan.com\/it\/wp-json\/wp\/v2\/pages\/12\/revisions\/13"}],"wp:attachment":[{"href":"https:\/\/talikan.com\/it\/wp-json\/wp\/v2\/media?parent=12"}],"curies":[{"name":"wp","href":"https:\/\/api.w.org\/{rel}","templated":true}]}}